{"id":51,"date":"2017-06-12T19:06:33","date_gmt":"2017-06-12T19:06:33","guid":{"rendered":"https:\/\/www.xire.es:444\/xire\/?page_id=51"},"modified":"2021-08-24T14:44:47","modified_gmt":"2021-08-24T14:44:47","slug":"principal","status":"publish","type":"page","link":"https:\/\/www.xire.es\/xire\/","title":{"rendered":"Post #51"},"content":{"rendered":"<div id=\"pl-51\"  class=\"panel-layout\" ><div id=\"pg-51-0\"  class=\"panel-grid panel-has-style\" ><div style=\"padding: 100px 0; \" data-overlay=\"true\" data-overlay-color=\"#000000\" class=\"panel-row-style panel-row-style-for-51-0\" ><div id=\"pgc-51-0-0\"  class=\"panel-grid-cell\" ><div id=\"panel-51-0-0-0\" class=\"so-panel widget widget_list panel-first-child\" data-index=\"0\" ><div style=\"text-align: left;\" data-title-color=\"#443f3f\" data-headings-color=\"#443f3f\" class=\"panel-widget-style panel-widget-style-for-51-0-0-0\" ><h3 class=\"widget-title\">Preoc\u00fapese de su negocio<\/h3>\n\t\t<p>En un contexto de alta competitividad, es fundamental centrarse en el n\u00facleo del negocio y <b>aumentar las ventas.<\/b> En XIRE Asesores le ayudamos a alcanzar sus objetivos.<br \/>\n<br \/>\nFormamos un <b>equipo multidisciplinar<\/b> con m\u00e1s de 20 a\u00f1os de experiencia en las \u00e1reas Laboral, Contable, Fiscal y de Tecnolog\u00edas de Informaci\u00f3n. Nuestra prioridad es ofrecer soluciones a los problemas, combinando profesionalidad, eficiencia y tarifas muy atractivas.<br \/>\n<br \/>\nPreoc\u00fapese de su negocio. Nosotros nos encargamos de llevar la contabilidad de su empresa, presentar los impuestos, y gestionar recursos humanos y n\u00f3minas. Y le aconsejaremos para que las nuevas tecnolog\u00edas sean una ayuda, no un obst\u00e1culo. <br \/>&nbsp;<br \/>&nbsp;<\/p>\n\t\t\t\t\t\t\n\t\t<\/div><\/div><div id=\"panel-51-0-0-1\" class=\"so-panel widget widget_sydney_services_type_a sydney_services_widget\" data-index=\"1\" ><div style=\"text-align: left;\" data-title-color=\"#443f3f\" data-headings-color=\"#443f3f\" class=\"panel-widget-style panel-widget-style-for-51-0-0-1\" >\t\t\t<h3 class=\"widget-title\">Nuestros servicios<\/h3>\r\n\t\t\t\t\t\t\t\t\t\t\t\t\t\t\t\t\t\t\t\t\t\t\t\t\t\t\t\t\t<div class=\"service col-md-4\">\r\n\t\t\t\t\t\t\t\t\t\t\t\t\t<div class=\"roll-icon-box\">\r\n\t\t\t\t\t\t\t\t\t\t\t\r\n\t\t\t\t\t\t\t\t\t<div class=\"icon\">\r\n\t\t\t\t\t\t\t\t\t\t\t\t\t\t\t\t\t\t\t\t\t<i class=\"fa fa-briefcase\"><\/i>\t\t\t\t\t\t\t\t\t\t\t\t\t\t\t\t\t\t\t<\/div>\r\n\t\t\t\t\t\t\t\t\t\t\t\t\t\t\t\t<div class=\"content\">\r\n\t\t\t\t\t\t\t\t\t<h3>\r\n\t\t\t\t\t\t\t\t\t\t\t\t\t\t\t\t\t\t\t\t\tLaboral\t\t\t\t\t\t\t\t\t\t\t\t\t\t\t\t\t\t\t<\/h3>\r\n\t\t\t\t\t\t\t\t\t\t\t\t\t\t\t\t\t\r\n\t\t\t\t\t\t\t\t\t\t<p>Asesoramiento y gesti\u00f3n laboral<br \/>\nContrataci\u00f3n y despidos<br \/>\nN\u00f3minas<br \/>\nSeguros sociales<br \/>\nSubvenciones<br \/>\nBonificaciones<br \/>\nServicios jur\u00eddicos<\/p>\n<h5><a href=\"https:\/\/www.xire.es\/xire\/asesoria-laboral-rrhh\/\">M\u00e1s informaci\u00f3n<\/a><\/h5>\n\t\t\t\t\t\t\t\t\t\t\t\t\t\t\t\t\t<\/div><!--.info-->\t\r\n\t\t\t\t\t\t\t<\/div>\r\n\t\t\t\t\t\t<\/div>\r\n\t\t\t\t\t\t\t\t\t\t\t\t\t\t\t\t\t\t\t\t\t\t\t\t\t\t\t\t\t<div class=\"service col-md-4\">\r\n\t\t\t\t\t\t\t\t\t\t\t\t\t<div class=\"roll-icon-box\">\r\n\t\t\t\t\t\t\t\t\t\t\t\r\n\t\t\t\t\t\t\t\t\t<div class=\"icon\">\r\n\t\t\t\t\t\t\t\t\t\t\t\t\t\t\t\t\t\t\t\t\t<i class=\"fa fa-bank\"><\/i>\t\t\t\t\t\t\t\t\t\t\t\t\t\t\t\t\t\t\t<\/div>\r\n\t\t\t\t\t\t\t\t\t\t\t\t\t\t\t\t<div class=\"content\">\r\n\t\t\t\t\t\t\t\t\t<h3>\r\n\t\t\t\t\t\t\t\t\t\t\t\t\t\t\t\t\t\t\t\t\tFiscal-contable\t\t\t\t\t\t\t\t\t\t\t\t\t\t\t\t\t\t\t<\/h3>\r\n\t\t\t\t\t\t\t\t\t\t\t\t\t\t\t\t\t\r\n\t\t\t\t\t\t\t\t\t\t<p>Asesoramiento y gesti\u00f3n<br \/>\nContabilidad, presentaci\u00f3n de informes<br \/>\nConstituci\u00f3n de sociedades<br \/>\nAuditor\u00eda de empresa<br \/>\nAyudas y subvenciones<\/p>\n<h5><a href=\"https:\/\/www.xire.es\/xire\/asesores-asesoria-fiscal-contable-economico-financiero\/\">M\u00e1s informaci\u00f3n<\/a><\/h5>\n\t\t\t\t\t\t\t\t\t\t\t\t\t\t\t\t\t<\/div><!--.info-->\t\r\n\t\t\t\t\t\t\t<\/div>\r\n\t\t\t\t\t\t<\/div>\r\n\t\t\t\t\t\t\t\t\t\t\t\t\t\t\t\t\t\t\t\t\t\t\t\t\t\t\t\t\t<div class=\"service col-md-4\">\r\n\t\t\t\t\t\t\t\t\t\t\t\t\t<div class=\"roll-icon-box\">\r\n\t\t\t\t\t\t\t\t\t\t\t\r\n\t\t\t\t\t\t\t\t\t<div class=\"icon\">\r\n\t\t\t\t\t\t\t\t\t\t\t\t\t\t\t\t\t\t\t\t\t<i class=\"fa fa-at\"><\/i>\t\t\t\t\t\t\t\t\t\t\t\t\t\t\t\t\t\t\t<\/div>\r\n\t\t\t\t\t\t\t\t\t\t\t\t\t\t\t\t<div class=\"content\">\r\n\t\t\t\t\t\t\t\t\t<h3>\r\n\t\t\t\t\t\t\t\t\t\t\t\t\t\t\t\t\t\t\t\t\tTIC\t\t\t\t\t\t\t\t\t\t\t\t\t\t\t\t\t\t\t<\/h3>\r\n\t\t\t\t\t\t\t\t\t\t\t\t\t\t\t\t\t\r\n\t\t\t\t\t\t\t\t\t\t<p>Asesoramiento y soluciones TIC<br \/>\nServicios Web<br \/>\nBusiness Intelligence<br \/>\nCRM<br \/>\nCloud<br \/>\nFormaci\u00f3n<\/p>\n<h5><a href=\"https:\/\/www.xire.es\/xire\/asesores-tic\/\">M\u00e1s informaci\u00f3n<\/a><\/h5>\n\t\t\t\t\t\t\t\t\t\t\t\t\t\t\t\t\t<\/div><!--.info-->\t\r\n\t\t\t\t\t\t\t<\/div>\r\n\t\t\t\t\t\t<\/div>\r\n\t\t\t\t\t\t\t\t\t\t\t\t\t\t\t\t\t\t\t\t\t\t\t\t\t\t\t\t\t<div class=\"service col-md-4\">\r\n\t\t\t\t\t\t\t\t\t\t\t\t\t<div class=\"roll-icon-box\">\r\n\t\t\t\t\t\t\t\t\t\t\t\r\n\t\t\t\t\t\t\t\t\t<div class=\"icon\">\r\n\t\t\t\t\t\t\t\t\t\t\t\t\t\t\t\t\t\t\t\t\t<i class=\"fa fa-address-card-o\"><\/i>\t\t\t\t\t\t\t\t\t\t\t\t\t\t\t\t\t\t\t<\/div>\r\n\t\t\t\t\t\t\t\t\t\t\t\t\t\t\t\t<div class=\"content\">\r\n\t\t\t\t\t\t\t\t\t<h3>\r\n\t\t\t\t\t\t\t\t\t\t\t\t\t\t\t\t\t\t\t\t\tOtros servicios\t\t\t\t\t\t\t\t\t\t\t\t\t\t\t\t\t\t\t<\/h3>\r\n\t\t\t\t\t\t\t\t\t\t\t\t\t\t\t\t\t\r\n\t\t\t\t\t\t\t\t\t\t<p>Seguros (hogar, veh\u00edculos, responsabilidad civil)<br \/>\nPlanes de pensiones<br \/>\nSeguros de salud<br \/>\nGesti\u00f3n de comunidades<br \/>\nPrevenci\u00f3n de riesgos laborales<br \/>\nAdaptaci\u00f3n a LOPD<br \/>\nSubvenciones<\/p>\n\t\t\t\t\t\t\t\t\t\t\t\t\t\t\t\t\t<\/div><!--.info-->\t\r\n\t\t\t\t\t\t\t<\/div>\r\n\t\t\t\t\t\t<\/div>\r\n\t\t\t\t\t\r\n\t\t\t\t\t\t\t\t\r\n\t<\/div><\/div><div id=\"panel-51-0-0-2\" class=\"so-panel widget widget_sydney_contact_info sydney_contact_info_widget\" data-index=\"2\" ><div style=\"text-align: center;\" data-title-color=\"#443f3f\" data-headings-color=\"#443f3f\" class=\"panel-widget-style panel-widget-style-for-51-0-0-2\" ><h3 class=\"widget-title\">Contacte con nosotros<\/h3><div class=\"contact-phone\"><span><i class=\"sydney-svg-icon\"><svg xmlns=\"http:\/\/www.w3.org\/2000\/svg\" viewBox=\"0 0 512 512\"><path d=\"M497.39 361.8l-112-48a24 24 0 0 0-28 6.9l-49.6 60.6A370.66 370.66 0 0 1 130.6 204.11l60.6-49.6a23.94 23.94 0 0 0 6.9-28l-48-112A24.16 24.16 0 0 0 122.6.61l-104 24A24 24 0 0 0 0 48c0 256.5 207.9 464 464 464a24 24 0 0 0 23.4-18.6l24-104a24.29 24.29 0 0 0-14.01-27.6z\" \/><\/svg><\/i><\/span>981 935 249 \/ 698 143 628<\/div><div class=\"contact-email\"><span><i class=\"sydney-svg-icon\"><svg xmlns=\"http:\/\/www.w3.org\/2000\/svg\" viewBox=\"0 0 512 512\"><path d=\"M502.3 190.8c3.9-3.1 9.7-.2 9.7 4.7V400c0 26.5-21.5 48-48 48H48c-26.5 0-48-21.5-48-48V195.6c0-5 5.7-7.8 9.7-4.7 22.4 17.4 52.1 39.5 154.1 113.6 21.1 15.4 56.7 47.8 92.2 47.6 35.7.3 72-32.8 92.3-47.6 102-74.1 131.6-96.3 154-113.7zM256 320c23.2.4 56.6-29.2 73.4-41.4 132.7-96.3 142.8-104.7 173.4-128.7 5.8-4.5 9.2-11.5 9.2-18.9v-19c0-26.5-21.5-48-48-48H48C21.5 64 0 85.5 0 112v19c0 7.4 3.4 14.3 9.2 18.9 30.6 23.9 40.7 32.4 173.4 128.7 16.8 12.2 50.2 41.8 73.4 41.4z\" \/><\/svg><\/i><\/span><a href=\"mailto:&#105;&#110;&#102;o&#64;&#120;&#105;&#114;e&#46;e&#115;\">&#105;&#110;&#102;o&#64;&#120;&#105;&#114;e&#46;e&#115;<\/a><\/div><\/div><\/div><div id=\"panel-51-0-0-3\" class=\"so-panel widget widget_text panel-last-child\" data-index=\"3\" ><div style=\"text-align: center;\" data-title-color=\"#443f3f\" data-headings-color=\"#443f3f\" class=\"panel-widget-style panel-widget-style-for-51-0-0-3\" >\t\t\t<div class=\"textwidget\"><div role=\"form\" class=\"wpcf7\" id=\"wpcf7-f169-o1\" lang=\"es-ES\" dir=\"ltr\">\n<div class=\"screen-reader-response\"><p role=\"status\" aria-live=\"polite\" aria-atomic=\"true\"><\/p> <ul><\/ul><\/div>\n<form action=\"\/xire\/wp-json\/wp\/v2\/pages\/51#wpcf7-f169-o1\" method=\"post\" class=\"wpcf7-form init\" novalidate=\"novalidate\" data-status=\"init\">\n<div style=\"display: none;\">\n<input type=\"hidden\" name=\"_wpcf7\" value=\"169\" \/>\n<input type=\"hidden\" name=\"_wpcf7_version\" value=\"5.3.2\" \/>\n<input type=\"hidden\" name=\"_wpcf7_locale\" value=\"es_ES\" \/>\n<input type=\"hidden\" name=\"_wpcf7_unit_tag\" value=\"wpcf7-f169-o1\" \/>\n<input type=\"hidden\" name=\"_wpcf7_container_post\" value=\"0\" \/>\n<input type=\"hidden\" name=\"_wpcf7_posted_data_hash\" value=\"\" \/>\n<\/div>\n<p>Si lo prefiere, por favor, rellene el siguiente formulario y nos pondremos en contacto con Vd. lo antes posible:<br><br \/>\n<label> Nombre (requerido)<br \/>\n    <span class=\"wpcf7-form-control-wrap your-name\"><input type=\"text\" name=\"your-name\" value=\"\" size=\"40\" class=\"wpcf7-form-control wpcf7-text wpcf7-validates-as-required\" aria-required=\"true\" aria-invalid=\"false\" \/><\/span> <\/label><\/p>\n<p><label> Direcci\u00f3n de correo electr\u00f3nico (requerido)<br \/>\n    <span class=\"wpcf7-form-control-wrap your-email\"><input type=\"email\" name=\"your-email\" value=\"\" size=\"40\" class=\"wpcf7-form-control wpcf7-text wpcf7-email wpcf7-validates-as-required wpcf7-validates-as-email\" aria-required=\"true\" aria-invalid=\"false\" \/><\/span> <\/label><\/p>\n<p><label> Asunto (requerido)<br \/>\n    <span class=\"wpcf7-form-control-wrap your-subject\"><input type=\"text\" name=\"your-subject\" value=\"\" size=\"40\" class=\"wpcf7-form-control wpcf7-text wpcf7-validates-as-required\" aria-required=\"true\" aria-invalid=\"false\" \/><\/span> <\/label><\/p>\n<p><label> Mensaje<br \/>\n    <span class=\"wpcf7-form-control-wrap your-message\"><textarea name=\"your-message\" cols=\"40\" rows=\"10\" class=\"wpcf7-form-control wpcf7-textarea\" aria-invalid=\"false\"><\/textarea><\/span> <\/label><\/p>\n<p><input type=\"submit\" value=\"Enviar\" class=\"wpcf7-form-control wpcf7-submit\" \/><\/p>\n<div class=\"wpcf7-response-output\" aria-hidden=\"true\"><\/div><\/form><\/div>\n<\/div>\n\t\t<\/div><\/div><\/div><\/div><\/div><\/div>","protected":false},"excerpt":{"rendered":"<p>Si lo prefiere, por favor, rellene el siguiente formulario y nos pondremos en contacto con Vd. lo antes posible: Nombre (requerido) Direcci\u00f3n de correo electr\u00f3nico (requerido) Asunto (requerido) Mensaje<\/p>\n","protected":false},"author":1,"featured_media":0,"parent":0,"menu_order":0,"comment_status":"closed","ping_status":"closed","template":"","meta":{"_monsterinsights_skip_tracking":false,"_monsterinsights_sitenote_active":false,"_monsterinsights_sitenote_note":"","_monsterinsights_sitenote_category":0},"_links":{"self":[{"href":"https:\/\/www.xire.es\/xire\/wp-json\/wp\/v2\/pages\/51"}],"collection":[{"href":"https:\/\/www.xire.es\/xire\/wp-json\/wp\/v2\/pages"}],"about":[{"href":"https:\/\/www.xire.es\/xire\/wp-json\/wp\/v2\/types\/page"}],"author":[{"embeddable":true,"href":"https:\/\/www.xire.es\/xire\/wp-json\/wp\/v2\/users\/1"}],"replies":[{"embeddable":true,"href":"https:\/\/www.xire.es\/xire\/wp-json\/wp\/v2\/comments?post=51"}],"version-history":[{"count":106,"href":"https:\/\/www.xire.es\/xire\/wp-json\/wp\/v2\/pages\/51\/revisions"}],"predecessor-version":[{"id":511,"href":"https:\/\/www.xire.es\/xire\/wp-json\/wp\/v2\/pages\/51\/revisions\/511"}],"wp:attachment":[{"href":"https:\/\/www.xire.es\/xire\/wp-json\/wp\/v2\/media?parent=51"}],"curies":[{"name":"wp","href":"https:\/\/api.w.org\/{rel}","templated":true}]}}