{"id":255,"date":"2017-07-25T12:22:02","date_gmt":"2017-07-25T12:22:02","guid":{"rendered":"https:\/\/www.xire.es:444\/xire\/?page_id=255"},"modified":"2021-01-21T17:13:39","modified_gmt":"2021-01-21T17:13:39","slug":"asesores-tic","status":"publish","type":"page","link":"https:\/\/www.xire.es\/xire\/asesores-tic\/","title":{"rendered":"XIRE Asesores &#8211; Tecnolog\u00edas de Informaci\u00f3n"},"content":{"rendered":"\t<h4>Su negocio, controlado<\/h4>\r\n<p>En XIRE Asesores ponemos a su disposici\u00f3n un conjunto de Tecnolog\u00edas de Informaci\u00f3n (TI) punteras para que disponga en todo momento de informaci\u00f3n de \u00faltima hora sobre el estado de su empresa.<\/p>\r\n<p>Nuestros clientes disponen de acceso a su propia nube privada. Podr\u00e1 enviarnos sus documentos digitalizados desde su PC, tablet o m\u00f3vil, y nuestros sistemas lo incorporar\u00e1n a su contabilidad. Igualmente, nuestros asesores depositar\u00e1n informaci\u00f3n relevante para su negocio, de forma regular, en su nube.<\/p>\r\n<p>Vivimos una \u00e9poca de importantes cambios digitales. Conocer las herramientas que la \u00abera de internet\u00bb pone a nuestra disposici\u00f3n es un reto que no debemos dejar pasar de lado. Nuestra experiencia de m\u00e1s de 25 a\u00f1os en el entorno de TI le ayudar\u00e1 a explorar los nuevos mercados digitales, cada vez m\u00e1s competitivos. Nuevas oportunidades de negocio le esperan.<\/p>\r\n<p>&nbsp;<\/p>\r\n<h4>Servicios de TI<\/h4>\r\n<ul>\r\n<li>CRM<\/li>\r\n<li>Cloud privado<\/li>\r\n<li>Servicios Web<\/li>\r\n<li>Cuadro de mando<\/li>\r\n<li>Virtualizaci\u00f3n<\/li>\r\n<li>Dominios<\/li>\r\n<li>Correo electr\u00f3nico<\/li>\r\n<li>Venta plataformas online<\/li>\r\n<li>Presencia en redes sociales<\/li>\r\n<li>Infraestructura de copia de seguridad<\/li>\r\n<li>Automatizaci\u00f3n de procesos<\/li>\r\n<\/ul>\r\n<p>&nbsp;<\/p>\r\n<h5><a href=\"https:\/\/www.xire.es\/\">Volver al inicio<\/a><\/h5>\r\n","protected":false},"excerpt":{"rendered":"<p>Su negocio, controlado En XIRE Asesores ponemos a su disposici\u00f3n un conjunto de Tecnolog\u00edas de Informaci\u00f3n (TI) punteras para que disponga en todo momento de informaci\u00f3n de \u00faltima hora sobre el estado de su empresa. Nuestros clientes disponen de acceso a su propia nube privada. Podr\u00e1 enviarnos sus documentos digitalizados desde su PC, tablet o [&hellip;]<\/p>\n","protected":false},"author":1,"featured_media":0,"parent":0,"menu_order":0,"comment_status":"closed","ping_status":"closed","template":"page-templates\/page_front-page.php","meta":{"_monsterinsights_skip_tracking":false,"_monsterinsights_sitenote_active":false,"_monsterinsights_sitenote_note":"","_monsterinsights_sitenote_category":0},"_links":{"self":[{"href":"https:\/\/www.xire.es\/xire\/wp-json\/wp\/v2\/pages\/255"}],"collection":[{"href":"https:\/\/www.xire.es\/xire\/wp-json\/wp\/v2\/pages"}],"about":[{"href":"https:\/\/www.xire.es\/xire\/wp-json\/wp\/v2\/types\/page"}],"author":[{"embeddable":true,"href":"https:\/\/www.xire.es\/xire\/wp-json\/wp\/v2\/users\/1"}],"replies":[{"embeddable":true,"href":"https:\/\/www.xire.es\/xire\/wp-json\/wp\/v2\/comments?post=255"}],"version-history":[{"count":8,"href":"https:\/\/www.xire.es\/xire\/wp-json\/wp\/v2\/pages\/255\/revisions"}],"predecessor-version":[{"id":443,"href":"https:\/\/www.xire.es\/xire\/wp-json\/wp\/v2\/pages\/255\/revisions\/443"}],"wp:attachment":[{"href":"https:\/\/www.xire.es\/xire\/wp-json\/wp\/v2\/media?parent=255"}],"curies":[{"name":"wp","href":"https:\/\/api.w.org\/{rel}","templated":true}]}}