{"id":240,"date":"2017-07-21T16:14:27","date_gmt":"2017-07-21T16:14:27","guid":{"rendered":"https:\/\/www.xire.es:444\/xire\/?page_id=240"},"modified":"2017-08-21T19:53:54","modified_gmt":"2017-08-21T19:53:54","slug":"asesoria-laboral-rrhh","status":"publish","type":"page","link":"https:\/\/www.xire.es\/xire\/asesoria-laboral-rrhh\/","title":{"rendered":"Asesor\u00eda Laboral y de RRHH"},"content":{"rendered":"<h4>Soluciones globales para su empresa<\/h4>\n<p>La gesti\u00f3n adecuada de los recursos humanos y del \u00e1rea laboral en las empresas es hoy m\u00e1s importante que nunca. Las constantes modificaciones legislativas hacen necesaria una adaptaci\u00f3n permanente en un mercado tan cambiante. XIRE Asesores cuenta con profesionales altamente cualificados y en formaci\u00f3n continua, con gran capacidad de trabajo y responsabilidad.<\/p>\n<p>&nbsp;<\/p>\n<h4>Tecnolog\u00eda l\u00edder<\/h4>\n<p>XIRE Asesores ofrece soluciones globales para sus clientes en materia de Relaciones Laborales, Seguridad Social y Recursos Humanos, pretendiendo buscar siempre <strong>la mejor soluci\u00f3n<\/strong> a los retos planteados.<\/p>\n<p>Disponemos de uno de los mejores programas para la realizaci\u00f3n de las n\u00f3minas y seguros sociales, por lo que nuestros clientes y sus empleados pueden acceder virtualmente a nuestro sistema y consultar toda su informaci\u00f3n de \u00edndole laboral en cualquier momento.<\/p>\n<p>&nbsp;<\/p>\n<h4><strong>Laboral<\/strong><\/h4>\n<ul>\n<li>N\u00f3minas y seguros sociales<\/li>\n<li>Convenios<\/li>\n<li>Tramitaci\u00f3n de altas, bajas y variaci\u00f3n de datos<\/li>\n<li>Contrataci\u00f3n laboral<\/li>\n<li>Preparaci\u00f3n y\/o asistencia a inspecciones laborales.<\/li>\n<li>Reorganizaciones y descentralizaci\u00f3n productiva<\/li>\n<li>Declaraciones trimestrales<\/li>\n<li>Procedimientos administrativos y contenciosos<\/li>\n<li>Auditor\u00edas Socio-laborales<\/li>\n<li>Pensiones y jubilaciones<\/li>\n<li>Planes de Prevenci\u00f3n de Riesgos Laborales<\/li>\n<li>Contratos y retribuciones a directivos<\/li>\n<li>Estudios \u201cRetribuci\u00f3n flexible\u201d y beneficios sociales para ahorro de costes e impuestos (IRPF)<\/li>\n<li>Asesoramiento integral permanente<\/li>\n<\/ul>\n<p>&nbsp;<\/p>\n<h4><strong>Recursos Humanos<\/strong><\/h4>\n<ul>\n<li>Reclutamiento y selecci\u00f3n estrat\u00e9gica de recursos humanos<\/li>\n<li>An\u00e1lisis de puestos y ocupaciones<\/li>\n<li>Dise\u00f1o, estructura y organizaci\u00f3n del trabajo<\/li>\n<li>Formaci\u00f3n y desarrollo de recursos humanos<\/li>\n<li>Compensaci\u00f3n y pol\u00edticas retributivas<\/li>\n<li>Gesti\u00f3n por competencias<\/li>\n<li>Gesti\u00f3n y evaluaci\u00f3n del desempe\u00f1o<\/li>\n<li>Auditor\u00eda de recursos humanos<\/li>\n<li>Consultor\u00eda de RRHH<\/li>\n<li>Prevenci\u00f3n de riesgos laborales<\/li>\n<li>Gesti\u00f3n de conflictos<\/li>\n<li>Gesti\u00f3n del cambio<\/li>\n<li>T\u00e9cnicas de evaluaci\u00f3n (entrevistas, test, estudios de satisfacci\u00f3n, clima y compromiso laboral)<\/li>\n<li>Gesti\u00f3n de equipos<\/li>\n<li>Habilidades directivas e interpersonales<\/li>\n<li>Motivaci\u00f3n laboral<\/li>\n<\/ul>\n<p>&nbsp;<\/p>\n<h5><a href=\"https:\/\/www.xire.es\/\">Volver al inicio<\/a><\/h5>\n","protected":false},"excerpt":{"rendered":"<p>Soluciones globales para su empresa La gesti\u00f3n adecuada de los recursos humanos y del \u00e1rea laboral en las empresas es hoy m\u00e1s importante que nunca. Las constantes modificaciones legislativas hacen necesaria una adaptaci\u00f3n permanente en un mercado tan cambiante. XIRE Asesores cuenta con profesionales altamente cualificados y en formaci\u00f3n continua, con gran capacidad de trabajo [&hellip;]<\/p>\n","protected":false},"author":1,"featured_media":0,"parent":0,"menu_order":0,"comment_status":"closed","ping_status":"closed","template":"page-templates\/page_front-page.php","meta":{"_monsterinsights_skip_tracking":false,"_monsterinsights_sitenote_active":false,"_monsterinsights_sitenote_note":"","_monsterinsights_sitenote_category":0},"_links":{"self":[{"href":"https:\/\/www.xire.es\/xire\/wp-json\/wp\/v2\/pages\/240"}],"collection":[{"href":"https:\/\/www.xire.es\/xire\/wp-json\/wp\/v2\/pages"}],"about":[{"href":"https:\/\/www.xire.es\/xire\/wp-json\/wp\/v2\/types\/page"}],"author":[{"embeddable":true,"href":"https:\/\/www.xire.es\/xire\/wp-json\/wp\/v2\/users\/1"}],"replies":[{"embeddable":true,"href":"https:\/\/www.xire.es\/xire\/wp-json\/wp\/v2\/comments?post=240"}],"version-history":[{"count":27,"href":"https:\/\/www.xire.es\/xire\/wp-json\/wp\/v2\/pages\/240\/revisions"}],"predecessor-version":[{"id":335,"href":"https:\/\/www.xire.es\/xire\/wp-json\/wp\/v2\/pages\/240\/revisions\/335"}],"wp:attachment":[{"href":"https:\/\/www.xire.es\/xire\/wp-json\/wp\/v2\/media?parent=240"}],"curies":[{"name":"wp","href":"https:\/\/api.w.org\/{rel}","templated":true}]}}