{"id":238,"date":"2017-07-21T16:10:59","date_gmt":"2017-07-21T16:10:59","guid":{"rendered":"https:\/\/www.xire.es:444\/xire\/?page_id=238"},"modified":"2021-08-24T14:43:00","modified_gmt":"2021-08-24T14:43:00","slug":"asesores-asesoria-fiscal-contable-economico-financiero","status":"publish","type":"page","link":"https:\/\/www.xire.es\/xire\/asesores-asesoria-fiscal-contable-economico-financiero\/","title":{"rendered":"Asesor\u00eda Fiscal, Contable, Econ\u00f3mico-financiero"},"content":{"rendered":"\n<h4>Compromiso profesional<\/h4>\n<p>XIRE Asesores ofrece, no s\u00f3lo&nbsp;<strong>cumplir con las formalidades legalmente establecidas&nbsp;en <\/strong>materias como fiscalidad o contabilidad, sino dar un paso m\u00e1s all\u00e1 y abrir los ojos al empresario sobre la importancia de estas materias, alert\u00e1ndole sobre los peligros que se detecten como fruto del an\u00e1lisis de la informaci\u00f3n que maneja el asesor.<\/p>\n<p>El compromiso profesional de XIRE Asesores se basa:<\/p>\n<ul>\n<li><strong>Desde el punto de vista fiscal<\/strong>, en la puesta al d\u00eda permanente en el conocimiento y aplicaci\u00f3n de las normas fiscales, as\u00ed como en llevar a cabo una adecuada planificaci\u00f3n del cumplimiento normativo para nuestros clientes.<\/li>\n<li><strong>Desde el punto de vista contable<\/strong>, en ofrecer un servicio integral de contabilidad mediante un sistema inform\u00e1tico de \u00faltima generaci\u00f3n, que permitir\u00e1 a nuestros clientes un acceso a informes financieros elaborados de acuerdo con las vigentes Normas de Contabilidad y con un profundo conocimiento del negocio.<\/li>\n<li><strong>Desde el punto de vista econ\u00f3mico-financiero<\/strong>, en ofrecer desde el an\u00e1lisis de una inversi\u00f3n y sus alternativas hasta el seguimiento y\/o preparaci\u00f3n de un plan de negocios, realizando asimismo planes de tesorer\u00eda, presupuestos y an\u00e1lisis de costes.<\/li>\n<\/ul>\n<p>&nbsp;<\/p>\n<h4>Ahorre costes<\/h4>\n<p>Le recomendamos externalizar todo lo que no est\u00e1 relacionado estrictamente con su ciclo de explotaci\u00f3n, pues as\u00ed se ahorrar\u00e1 costes y su empresa ser\u00e1 m\u00e1s flexible para adaptarse a los cambios. La externalizaci\u00f3n de estos servicios permite las empresas destinar recursos importantes al negocio principal, mientras que la gesti\u00f3n de procesos administrativos y contables se realiza con fiabilidad y con menor coste que de forma interna, sin dejar de disponer de la informaci\u00f3n financiera necesaria para la toma de decisiones.<\/p>\n<p>XIRE Asesores&nbsp;facilita a sus clientes el cumplimiento de sus obligaciones fiscales, contables y econ\u00f3mico-financieras, poniendo a su disposici\u00f3n una metodolog\u00eda de trabajo rigurosa, para que s\u00f3lo tengan que ocuparse de su negocio, concentr\u00e1ndose en lo que m\u00e1s le importa.<\/p>\n<p>&nbsp;<\/p>\n<h4><strong>Tecnolog\u00eda Cloud de \u00faltima generaci\u00f3n, a su servicio.<\/strong><\/h4>\n<p>Nuestros clientes disponen de un \u00e1rea privada, protegida mediante fuertes protocolos de seguridad, a la que se puede acceder desde cualquier dispositivo (ordenador, tableta, m\u00f3vil), en donde en tiempo real pueden incorporar escaneadas aquellas facturas que van recibiendo y obtener la informaci\u00f3n que sus asesores van generando, ya sean impuestos, informes, etc.<\/p>\n<h4><\/h4>\n<h4><strong>Mantenga el control de su empresa&nbsp;<\/strong><\/h4>\n<p>XIRE Asesores le facilitar\u00e1 conocer sus estados contables, conocer el margen de beneficios, saber cu\u00e1les son sus principales gastos &nbsp;y qu\u00e9 gastos superfluos u ocultos tiene. Tambi\u00e9n le ayudaremos a gestionar gestionar ante la AEAT el cumplimiento de sus obligaciones, as\u00ed como a planificar su pol\u00edtica fiscal con la suficiente antelaci\u00f3n, para minimizar el impacto en sus cuentas de resultados.<\/p>\n<p>&nbsp;<\/p>\n<h5><a href=\"https:\/\/www.xire.es\/\">Volver al inicio<\/a><\/h5>\n","protected":false},"excerpt":{"rendered":"<p>Compromiso profesional XIRE Asesores ofrece, no s\u00f3lo&nbsp;cumplir con las formalidades legalmente establecidas&nbsp;en materias como fiscalidad o contabilidad, sino dar un paso m\u00e1s all\u00e1 y abrir los ojos al empresario sobre la importancia de estas materias, alert\u00e1ndole sobre los peligros que se detecten como fruto del an\u00e1lisis de la informaci\u00f3n que maneja el asesor. El compromiso [&hellip;]<\/p>\n","protected":false},"author":1,"featured_media":0,"parent":0,"menu_order":0,"comment_status":"closed","ping_status":"closed","template":"page-templates\/page_front-page.php","meta":{"_monsterinsights_skip_tracking":false,"_monsterinsights_sitenote_active":false,"_monsterinsights_sitenote_note":"","_monsterinsights_sitenote_category":0},"_links":{"self":[{"href":"https:\/\/www.xire.es\/xire\/wp-json\/wp\/v2\/pages\/238"}],"collection":[{"href":"https:\/\/www.xire.es\/xire\/wp-json\/wp\/v2\/pages"}],"about":[{"href":"https:\/\/www.xire.es\/xire\/wp-json\/wp\/v2\/types\/page"}],"author":[{"embeddable":true,"href":"https:\/\/www.xire.es\/xire\/wp-json\/wp\/v2\/users\/1"}],"replies":[{"embeddable":true,"href":"https:\/\/www.xire.es\/xire\/wp-json\/wp\/v2\/comments?post=238"}],"version-history":[{"count":9,"href":"https:\/\/www.xire.es\/xire\/wp-json\/wp\/v2\/pages\/238\/revisions"}],"predecessor-version":[{"id":509,"href":"https:\/\/www.xire.es\/xire\/wp-json\/wp\/v2\/pages\/238\/revisions\/509"}],"wp:attachment":[{"href":"https:\/\/www.xire.es\/xire\/wp-json\/wp\/v2\/media?parent=238"}],"curies":[{"name":"wp","href":"https:\/\/api.w.org\/{rel}","templated":true}]}}