{"id":198,"date":"2017-07-10T15:18:47","date_gmt":"2017-07-10T15:18:47","guid":{"rendered":"https:\/\/www.xire.es:444\/xire\/index.php\/politica-de-cookies\/"},"modified":"2020-12-23T15:11:28","modified_gmt":"2020-12-23T15:11:28","slug":"politica-de-cookies","status":"publish","type":"page","link":"https:\/\/www.xire.es\/xire\/politica-de-cookies\/","title":{"rendered":"Pol\u00edtica de cookies"},"content":{"rendered":"\n<p>\n\tEn cumplimiento con el art\u00edculo 22 de la Ley 34\/2002, de 11 de julio, de servicios de la sociedad de la informaci\u00f3n y de comercio electr\u00f3nico (LSSI), en relaci\u00f3n con el Reglamento (UE) 2016\/679 del Parlamento Europeo y del Consejo, de 27 de abril de 2016, General de Protecci\u00f3n de Datos (RGPD) y la Ley Org\u00e1nica 3\/2018, de 5 de diciembre, de Protecci\u00f3n de Datos y garant\u00eda de los derechos digitales (LOPDGDD), JESUS PAMPIN RECOUSO pone a disposici\u00f3n de los usuarios la Pol\u00edtica de recogida y tratamiento de cookies del sitio Web.\n<\/p>\n\n<h2>Qu\u00e9 son las Cookies<\/h2>\n<p>\n\t\tUna cookie es un fichero que se descarga en tu ordenador al entrar a determinadas p\u00e1ginas web. Las cookies permiten a una p\u00e1gina web, entre otras cosas, almacenar y recuperar informaci\u00f3n sobre tus h\u00e1bitos de navegaci\u00f3n y &mdash;dependiendo de la informaci\u00f3n que contengan y de la forma en que utilices tu equipo&mdash; pueden utilizarse para identificarte.\n<\/p>\n\n\n<h2>Cookies utilizadas en el sitio Web<\/h2>\n<p>\n\tA continuaci\u00f3n se clasifican las cookies utilizadas por el sitio Web <a href=\"\">https:\/\/www.xire.es\/xire<\/a>:\n\t<!--as\u00ed como su tipolog\u00eda, fines de tratamiento y criterios de conservaci\u00f3n de los datos clasificadas:-->\n<\/p>\n\n<p>\n\t<b>Seg\u00fan la entidad que las gestiona<\/b>\n\t<ul>\n\t\t<li><b>Cookies propias:<\/b> Son aquellas enviadas y gestionadas directamente por JESUS PAMPIN RECOUSO.<\/li>\n\t\t<li><b>Cookies de terceros:<\/b> Son aquellas que se env\u00edan al usuario desde un dominio ajeno a JESUS PAMPIN RECOUSO.<\/li>\n\t<\/ul>\n<\/p>\n\n<p>\n\t<b>Seg\u00fan su finalidad<\/b>\n\t<ul>\n\t\t<li>\n\t\t\t<b>Cookies t\u00e9cnicas:<\/b> Son aquellas que permiten a los usuarios registrados navegar a trav\u00e9s del sitio Web, del \u00e1rea restringida y a utilizar sus diferentes funciones, como por ejemplo, el sistema de comentarios o el buscador.\n\t\t<\/li>\n\t\t<li>\n\t\t\t<b>Cookies de personalizaci\u00f3n:<\/b> Son aquellas que permiten a los usuarios acceder al Servicio con algunas caracter\u00edsticas de car\u00e1cter general predefinidas en funci\u00f3n de una serie de criterios establecidos por el usuario como, por ejemplo, el idioma o el tipo de navegador a trav\u00e9s del cual se conecta a este sitio Web.\n\t\t<\/li>\n\t\t<li>\n\t\t\t<b>Cookies de an\u00e1lisis o medici\u00f3n:<\/b> Son aquellas que, bien tratadas por el sitio Web o por terceros, permiten cuantificar el n\u00famero de usuarios y as\u00ed realizar la medici\u00f3n y an\u00e1lisis estad\u00edstico de la utilizaci\u00f3n que hacen los usuarios del sitio Web. Para ello se analiza la navegaci\u00f3n que realizas en este sitio Web con el fin de mejorarlo.\n\t\t<\/li>\n\t<\/ul>\n<\/p>\n\n<p>\n\t<b>Seg\u00fan su duraci\u00f3n<\/b>\n\t<ul>\n\t\t<li>\n\t\t\t<b>Cookies de sesi\u00f3n:<\/b> Son aquellas dise\u00f1adas para recabar y almacenar datos mientras el usuario accede al sitio Web.\n\t\t<\/li>\n\t\t<li>\n\t\t\t<b>Cookies persistentes:<\/b> Son aquellas en las que los datos siguen almacenados en el terminal del usuario y pueden ser accedidos y tratados durante un per\u00edodo definido por el responsable de la cookie.\n\t\t<\/li>\t\t\n\t<\/ul>\n<\/p>\n\n\n<h2>Listado de cookies utilizadas<\/h2>\n<p>\n\tEste sitio Web puede instalar las siguientes cookies:\n<\/p>\n<p>\n\t<b>Cookies t\u00e9cnicas<\/b>\n\n\t<ul>\n\t\t<li><b>wp-settings-{user_id}:<\/b> Cookie t\u00e9cnica que se usa para mantener la configuraci\u00f3n del usuario en wp-admin. Es persistente y tiene una duraci\u00f3n de 1 a\u00f1o.<\/li>\n\t\t<li><b>hasConsent:<\/b> Cookie t\u00e9cnica que almacena el consentimiento del usuario. Es persistente y tiene una duraci\u00f3n de 1 a\u00f1o.<\/li>\n\t<\/ul>\n<\/p>\n<p>\n\t<b>Cookies de an\u00e1lisis o medici\u00f3n<\/b>\n\t<ul>\n\t\t<li><b>_ga:<\/b> Cookie Anal\u00edtica que habilita la funci\u00f3n de control de visitas \u00fanicas. Es persistente y tiene una duraci\u00f3n de 2 a\u00f1os.<\/li>\n\t\t<li><b>_gat:<\/b> Cookie Anal\u00edtica para limitar el n\u00famero de solicitudes. Su \u00e1mbito es la sesi\u00f3n y tiene una duraci\u00f3n de 1 minuto.<\/li>\n\t\t<li><b>_gid:<\/b> Cookie Anal\u00edtica para distinguir usuarios. Su \u00e1mbito es la sesi\u00f3n y tiene una duraci\u00f3n de 24 horas.<\/li>\n\t<\/ul>\n<\/p>\n<p>\n\tInformaci\u00f3n adicional:\n\t<ul>\n<\/p>\t\n\n<li>\n\tGoogle Analytics puede instalar otras cookies seg\u00fan el documento <a target=\"_blank\" rel=\"noopener noreferrer nofollow\" href=\"https:\/\/developers.google.com\/analytics\/devguides\/collection\/analyticsjs\/cookie-usage?hl=es\">Uso de las cookies de Google Analytics en sitios web<\/a>.\n<\/li>\n\n<\/ul>\n\n\n\n\n\n<p>\t\n\tEl sitio Web puede instalar otras cookies:\n<\/p>\n\n<p>\n_ga<br \/>\r\nwp-settings-*\n<\/p>\n\n\n<h2>Aceptaci\u00f3n o rechazo de la instalaci\u00f3n de cookies<\/h2>\n<p>\nJESUS PAMPIN RECOUSO muestra informaci\u00f3n sobre su Pol\u00edtica de cookies en el men\u00fa del pie de p\u00e1gina y en el banner de cookies accesible en todas las p\u00e1ginas del Sitio Web. El banner de cookies muestra informaci\u00f3n esencial sobre el tratamiento de datos y permite al usuario realizar las siguientes acciones:\n<\/p>\n<p>\n<ul>\n\t<li><b>Aceptar o rechazar la instalaci\u00f3n de cookies<\/b>, o retirar el consentimiento previamente otorgado.\n\t<li><b>Cambiar las preferencias de cookies<\/b> desde la p\u00e1gina <a href=\"https:\/\/www.xire.es\/xire\/personalizar-cookies\/\">Personalizar Cookies<\/a>, a la que puedes acceder desde el Aviso de Cookies.\n\t<li><b>Obtener informaci\u00f3n adicional<\/b> sobre la Pol\u00edtica de Cookies desde la p\u00e1gina <a href=https:\/\/www.xire.es\/xire\/politica-de-cookies\/>Pol\u00edtica de cookies<\/a>.\n<\/ul>\n<\/p>\n\n<h2>Eliminaci\u00f3n de cookies<\/h2>\n\t<p>\n\t\tPuedes aceptar, bloquear o eliminar las cookies instaladas en tu equipo mediante la configuraci\u00f3n de las opciones del navegador, pero parte del sitio no funcionar\u00e1 correctamente o su calidad puede verse afectada.\n\t<\/p>\n\t<p>\t\n\t\tEn los siguientes enlaces encontrar\u00e1s instrucciones para habilitar o deshabilitar las cookies en los navegadores m\u00e1s comunes.\n\t<\/p>\n\n<p>\n\t<ul>\n\t\t<li><b>Firefox<\/b>  <a rel=\"nofollow\" target=\"_blank\" rel=\"noopener noreferrer nofollow\" href=\"http:\/\/support.mozilla.org\/es\/kb\/habilitar-y-deshabilitar-cookies-que-los-sitios-we\">http:\/\/support.mozilla.org\/es\/kb\/habilitar-y-deshabilitar-cookies-que-los-sitios-we<\/a><\/li>\n\t\t<li><b>Google Chrome<\/b> <a target=\"_blank\" rel=\"noopener noreferrer nofollow\" href=\"https:\/\/support.google.com\/chrome\/answer\/95647?hl=es\">https:\/\/support.google.com\/chrome\/answer\/95647?hl=es<\/a><\/li>\n\t\t<li><b>Internet Explorer<\/b> <a target=\"_blank\" rel=\"noopener noreferrer nofollow\" href='https:\/\/support.microsoft.com\/es-es\/help\/17442\/windows-internet-explorer-delete-manage-cookies#ie=\"ie-10\"''>https:\/\/support.microsoft.com\/es-es\/help\/17442\/windows-internet-explorer-delete-manage-cookies#ie=\"ie-10\"<\/a><\/li>\n\t\t<li><b>Microsoft Edge<\/b> <a target=\"_blank\" rel=\"noopener noreferrer nofollow\" href='https:\/\/support.microsoft.com\/es-es\/help\/4468242\/microsoft-edge-browsing-data-and-privacy'>https:\/\/support.microsoft.com\/es-es\/help\/4468242\/microsoft-edge-browsing-data-and-privacy<\/a><\/li>\n\t\t<li><b>Safari<\/b> <a rel=\"nofollow\" target=\"_blank\" rel=\"noopener noreferrer nofollow\" href=\"http:\/\/support.apple.com\/kb\/HT1677?viewlocale=es_ES\">http:\/\/support.apple.com\/kb\/HT1677?viewlocale=es_ES<\/a><\/li>\n\t<\/ul>\n<\/p>\n\n\n<h2>Tratamiento de Datos Personales<\/h2>\n\n<p>\t\n\tJESUS PAMPIN RECOUSO es el Responsable del tratamiento de los datos personales del usuario. Puedes consultar toda la informaci\u00f3n relativa al tratamiento de datos personales que recoge el Titular en la p\u00e1gina de <a href=\"https:\/\/www.xire.es\/xire\/politica-de-privacidad\/\">Pol\u00edtica de Privacidad<\/a>.\n<\/p>\n\n<h2>Contacto<\/h2>\n<p>\n\t\tEn caso de que tengas cualquier duda acerca de esta Pol\u00edtica de Cookies o quieras realizar cualquier comentario sobre este sitio Web, puedes enviar un mensaje de correo electr\u00f3nico a la direcci\u00f3n info@xire.es. \n<\/p>\n<div id=\"pl-198\"  class=\"panel-layout\" ><div id=\"pg-198-0\"  class=\"panel-grid panel-has-style\" ><div style=\"padding: 100px 0; \" data-overlay=\"true\" class=\"panel-row-style panel-row-style-for-198-0\" ><div id=\"pgc-198-0-0\"  class=\"panel-grid-cell\" ><div id=\"panel-198-0-0-0\" class=\"so-panel widget widget_sow-editor panel-first-child panel-last-child\" data-index=\"0\" ><div class=\"so-widget-sow-editor so-widget-sow-editor-base\">\n<div class=\"siteorigin-widget-tinymce textwidget\">\n\t<h4><b>Aviso legal y Pol\u00edtica de cookies<\/b><\/h4>\n<h1>1. Aviso Legal<\/h1>\n<\/p>\n<h4>Datos del propietario:<\/h4>\n<p>Conforme a lo establecido en la ley de Servicios de la Sociedad de la Informaci\u00f3n (LSSI), se informa a los usuarios de https:\/\/www.xire.es que estos son los datos del propietario de este sitio web:<\/p>\n<p>Nombre: JESUS PAMPIN RECOUSO<br \/>\n  Direcci\u00f3n: PAZO PARADA 7-B - 15680 - ORDES <br \/>\n  NIF\/CIF\/NIE: 34892586E<br \/>\n  Tel\u00e9fono de contacto: 981 935 249<br \/>\n  E-mail de contacto: info@xire.es<\/p>\n<p>  El acceso al sitio web https:\/\/www.xire.es, propiedad de JESUS PAMPIN RECOUSO y el uso de los servicios que en este sitio web se ofrecen, implica la aceptaci\u00f3n de los siguientes t\u00e9rminos y condiciones de uso:<\/p>\n<h4>Propiedad Intelectual:<\/h4>\n<p>El dise\u00f1o, c\u00f3digo fuente y contenidos del sitio web https:\/\/www.xire.es est\u00e1n protegidos por la legislaci\u00f3n espa\u00f1ola en lo referente a los derechos de propiedad intelectual e industrial a favor de JESUS PAMPIN RECOUSO, quedando prohibida su reproducci\u00f3n, distribuci\u00f3n o comunicaci\u00f3n p\u00fablica, total o parcial, sin la autorizaci\u00f3n expresa de JESUS PAMPIN RECOUSO.<\/p>\n<h4>Pol\u00edtica de Privacidad y Protecci\u00f3n de Datos (L.O.P.D.):<\/h4>\n<p>JESUS PAMPIN RECOUSO informa a los usuarios del sitio web https:\/\/www.xire.es, que podr\u00e1 crear un archivo automatizado con los datos personales que sean puestos en su conocimiento, ya sea como consecuencia de la utilizaci\u00f3n de los servicios ofrecidos en https:\/\/www.xire.es, a causa de env\u00edos al correo electr\u00f3nico de contacto info@xire.es o por el uso de formularios de contacto o inscripci\u00f3n presentes en el sitio web. En todo caso, el almacenamiento, protecci\u00f3n y uso de dichos datos por parte de JESUS PAMPIN RECOUSO ser\u00e1 conforme al estricto cumplimiento de lo preceptuado por la legislaci\u00f3n en materia de protecci\u00f3n de datos.<\/p>\n<p>En cumplimiento de lo dispuesto en la Ley Org\u00e1nica 15\/1999, de 13 de diciembre, de Protecci\u00f3n de Datos de Car\u00e1cter Personal, los usuarios podr\u00e1n ejercitar, en cualquier momento, los derechos de acceso, rectificaci\u00f3n, oposici\u00f3n y cancelaci\u00f3n de sus datos, que hubiesen sido recopilados y archivados. El ejercicio de estos derechos deber\u00e1 efectuarse mediante comunicaci\u00f3n escrita dirigida a JESUS PAMPIN RECOUSO (PAZO PARADA 7-B - 15680 - ORDES) o a la direcci\u00f3n de correo electr\u00f3nico de contacto (info@xire.es ) indicando en cualquiera de los casos, como referencia &quot;DATOS PERSONALES&quot; y el referido derecho que pretendan accionar, adjuntando copia de su Documento Nacional de Identidad.<\/p>\n<h4>Disponibilidad y actualizaciones:<\/h4>\n<p>JESUS PAMPIN RECOUSO se reserva el derecho a interrumpir en cualquier momento y sin previo aviso el acceso al sitio web https:\/\/www.xire.es, as\u00ed como a modificar o eliminar la configuraci\u00f3n del sitio, los contenidos que en el se muestran o la prestaci\u00f3n de cualquiera o de todos los servicios que se prestan a trav\u00e9s del mismo, ya sea por motivos t\u00e9cnicos, de seguridad, de mantenimiento o por cualquier otra causa. Dicha interrupci\u00f3n, edici\u00f3n o eliminaci\u00f3n podr\u00e1 tener car\u00e1cter temporal o definitivo, sin que de ello se derive ninguna responsabilidad para JESUS PAMPIN RECOUSO.<\/p>\n<h4>Uso del sitio web, sus contenidos y servicios:<\/h4>\n<p>El acceso a los contenidos y servicios que se ofrecen en https:\/\/www.xire.es, y la utilizaci\u00f3n de los mismos por parte del Usuario, se lleva a cabo por su propia cuenta y riesgo.<\/p>\n<p>JESUS PAMPIN RECOUSO no se responsabiliza de posibles da\u00f1os o perjuicios que pueda sufrir el usuario, ni de posibles problemas t\u00e9cnicos o fallos en los equipos inform\u00e1ticos del usuario, que se produzcan debido a:<\/p>\n<p>Un mal uso de los contenidos o servicios de https:\/\/www.xire.es por parte del usuario.<br \/>\n  Errores, defectos u omisiones en la informaci\u00f3n facilitada cuando proceda de fuentes ajenas a JESUS PAMPIN RECOUSO.<br \/>\n  Intromisiones ileg\u00edtimas fuera del control de JESUS PAMPIN RECOUSO por parte de terceras personas.<\/p>\n<h4>Marcas:<\/h4>\n<p>En https:\/\/www.xire.es puede que se mencionen de forma indirecta y a nivel informativo algunos t\u00e9rminos y logotipos, que constituyen marcas registradas por sus respectivos propietarios, no haci\u00e9ndonos responsable de la utilizaci\u00f3n inadecuada que pudieran hacer terceras personas respecto a dichas marcas.<\/p>\n<h4>Enlaces:<\/h4>\n<p>JESUS PAMPIN RECOUSO no se hace responsable de aquellos otros datos, sitios web u archivos a los que sea posible acceder a trav\u00e9s de enlaces (links) disponibles entre los contenidos de https:\/\/www.xire.es, dado que dichas p\u00e1ginas o archivos objeto de enlace son responsabilidad de sus respectivos titulares. JESUS PAMPIN RECOUSO, por tanto, ni aprueba, ni hace suyos los productos, servicios, contenidos, informaci\u00f3n, datos, archivos y cualquier clase de material existente en tales p\u00e1ginas web o archivos y no controla ni, de conformidad con lo dispuesto en la LSSICE, se hace responsable de la calidad, licitud, fiabilidad y utilidad de la informaci\u00f3n, contenidos, datos y servicios existentes en los sitios enlazados y que son ajenos a https:\/\/www.xire.es. En el caso de que un \u00f3rgano competente declare la ilicitud de los datos, ordenado su retirada o que se imposibilite el acceso a los mismos, o se hubiera declarado la existencia de la lesi\u00f3n, los enlaces que se indiquen ser\u00edan inmediatamente retirados, en cuanto as\u00ed se le notifique expresamente a JESUS PAMPIN RECOUSO.<\/p>\n<h1>2. Pol\u00edtica de cookies<\/h1>\n<p>\n\tUna <em>cookie<\/em> es un peque\u00f1o fichero de texto que se almacena en su navegador cuando visita casi cualquier p\u00e1gina web. Su utilidad es que la web sea capaz de recordar su visita cuando vuelva a navegar por esa p\u00e1gina. Las <em>cookies<\/em> suelen almacenar informaci\u00f3n de car\u00e1cter t\u00e9cnico, preferencias personales, personalizaci\u00f3n de contenidos, estad\u00edsticas de uso, enlaces a redes sociales, acceso a cuentas de usuario, etc. El objetivo de la <em>cookie<\/em> es adaptar el contenido de la web a su perfil y necesidades, sin <em>cookies<\/em> los servicios ofrecidos por cualquier p\u00e1gina se ver\u00edan mermados notablemente. Si desea consultar m\u00e1s informaci\u00f3n sobre qu\u00e9 son las <em>cookies<\/em>, qu\u00e9 almacenan, c\u00f3mo eliminarlas, desactivarlas, etc., <a href=\"https:\/\/www.xire.es:444\/xire\/index.php\/mas-informacion-sobre-las-cookies\/\">le rogamos se dirija a este enlace.<\/a>\n<\/p>\n<h4>Cookies utilizadas en este sitio web<\/h4>\n<p>\n\tSiguiendo las directrices de la Agencia Espa\u00f1ola de Protecci\u00f3n de Datos procedemos a detallar el uso de <em>cookies<\/em> que hace esta web con el fin de informarle con la m\u00e1xima exactitud posible.\n<\/p>\n<p>\n\tEste sitio web utiliza las siguientes <strong>cookies propias<\/strong>:<\/p>\n<ul>\n<li>Cookies de sesi\u00f3n, para garantizar que los usuarios que escriban comentarios en el blog sean humanos y no aplicaciones automatizadas. De esta forma se combate el <em>spam<\/em>.<\/li>\n<\/ul>\n<p>\n\tEste sitio web utiliza las siguientes <strong>cookies de terceros<\/strong>:<\/p>\n<ul>\n<li>Google Analytics: Almacena <em>cookies<\/em> para poder elaborar estad\u00edsticas sobre el tr\u00e1fico y volumen de visitas de esta web. Al utilizar este sitio web est\u00e1 consintiendo el tratamiento de informaci\u00f3n acerca de usted por Google. Por tanto, el ejercicio de cualquier derecho en este sentido deber\u00e1 hacerlo comunicando directamente con Google.<\/li>\n<li>Redes sociales: Cada red social utiliza sus propias <em>cookies<\/em> para que usted pueda pinchar en botones del tipo <em>Me gusta<\/em> o <em>Compartir<\/em>.<\/li>\n<\/ul>\n<h4>Desactivaci\u00f3n o eliminaci\u00f3n de cookies<\/h4>\n<p>\n\tEn cualquier momento podr\u00e1 ejercer su derecho de desactivaci\u00f3n o eliminaci\u00f3n de cookies de este sitio web. Estas acciones se realizan de forma diferente en funci\u00f3n del navegador que est\u00e9 usando. <a href=\"https:\/\/www.xire.es:444\/xire\/index.php\/mas-informacion-sobre-las-cookies\/#navegadores\">Aqu\u00ed le dejamos una gu\u00eda r\u00e1pida para los navegadores m\u00e1s populares<\/a>.\n<\/p>\n<h4>Notas adicionales<\/h4>\n<ul>\n<li>\n\t\t\tNi esta web ni sus representantes legales se hacen responsables ni del contenido ni de la veracidad de las pol\u00edticas de privacidad que puedan tener los terceros mencionados en esta pol\u00edtica de <em>cookies<\/em>.\n\t\t<\/li>\n<li>\n\t\t\tLos navegadores web son las herramientas encargadas de almacenar las <em>cookies<\/em> y desde este lugar debe efectuar su derecho a eliminaci\u00f3n o desactivaci\u00f3n de las mismas. Ni esta web ni sus representantes legales pueden garantizar la correcta o incorrecta manipulaci\u00f3n de las <em>cookies<\/em> por parte de los mencionados navegadores.\n\t\t<\/li>\n<li>\n\t\t\tEn algunos casos es necesario instalar <em>cookies<\/em> para que el navegador no olvide su decisi\u00f3n de no aceptaci\u00f3n de las mismas.\n\t\t<\/li>\n<li>\n\t\t\tEn el caso de las <em>cookies<\/em> de Google Analytics, esta empresa almacena las <em>cookies<\/em> en servidores ubicados en Estados Unidos y se compromete a no compartirla con terceros, excepto en los casos en los que sea necesario para el funcionamiento del sistema o cuando la ley obligue a tal efecto. Seg\u00fan Google no guarda su direcci\u00f3n IP. Google Inc. es una compa\u00f1\u00eda adherida al Acuerdo de Puerto Seguro que garantiza que todos los datos transferidos ser\u00e1n tratados con un nivel de protecci\u00f3n acorde a la normativa europea. Puede consultar informaci\u00f3n detallada a este respecto <a href=\"http:\/\/safeharbor.export.gov\/companyinfo.aspx?id=16626\" target=\"_blank\">en este enlace<\/a>. Si desea informaci\u00f3n sobre el uso que Google da a las cookies <a href=\"https:\/\/developers.google.com\/analytics\/devguides\/collection\/analyticsjs\/cookie-usage?hl=es&csw=1\" target=\"_blank\">le adjuntamos este otro enlace<\/a>.\n\t\t<\/li>\n<li>\n\t\t\tPara cualquier duda o consulta acerca de esta pol\u00edtica de <em>cookies<\/em> no dude en comunicarse con nosotros a trav\u00e9s de la secci\u00f3n de contacto.<\/a>\n\t\t<\/li>\n<\/ul>\n<\/div>\n<\/div><\/div><\/div><\/div><\/div><\/div>","protected":false},"excerpt":{"rendered":"<p>Aviso legal y Pol\u00edtica de cookies 1. Aviso Legal Datos del propietario: Conforme a lo establecido en la ley de Servicios de la Sociedad de la Informaci\u00f3n (LSSI), se informa a los usuarios de https:\/\/www.xire.es que estos son los datos del propietario de este sitio web: Nombre: JESUS PAMPIN RECOUSO Direcci\u00f3n: PAZO PARADA 7-B &#8211; [&hellip;]<\/p>\n","protected":false},"author":1,"featured_media":0,"parent":0,"menu_order":0,"comment_status":"closed","ping_status":"closed","template":"page-templates\/page_front-page.php","meta":{"_monsterinsights_skip_tracking":false,"_monsterinsights_sitenote_active":false,"_monsterinsights_sitenote_note":"","_monsterinsights_sitenote_category":0},"_links":{"self":[{"href":"https:\/\/www.xire.es\/xire\/wp-json\/wp\/v2\/pages\/198"}],"collection":[{"href":"https:\/\/www.xire.es\/xire\/wp-json\/wp\/v2\/pages"}],"about":[{"href":"https:\/\/www.xire.es\/xire\/wp-json\/wp\/v2\/types\/page"}],"author":[{"embeddable":true,"href":"https:\/\/www.xire.es\/xire\/wp-json\/wp\/v2\/users\/1"}],"replies":[{"embeddable":true,"href":"https:\/\/www.xire.es\/xire\/wp-json\/wp\/v2\/comments?post=198"}],"version-history":[{"count":24,"href":"https:\/\/www.xire.es\/xire\/wp-json\/wp\/v2\/pages\/198\/revisions"}],"predecessor-version":[{"id":462,"href":"https:\/\/www.xire.es\/xire\/wp-json\/wp\/v2\/pages\/198\/revisions\/462"}],"wp:attachment":[{"href":"https:\/\/www.xire.es\/xire\/wp-json\/wp\/v2\/media?parent=198"}],"curies":[{"name":"wp","href":"https:\/\/api.w.org\/{rel}","templated":true}]}}